{"id":595,"date":"2020-05-09T14:57:22","date_gmt":"2020-05-09T14:57:22","guid":{"rendered":"http:\/\/wp5.fewohausmonika.de\/?page_id=595"},"modified":"2020-06-15T21:26:47","modified_gmt":"2020-06-15T19:26:47","slug":"excursions-20km-2","status":"publish","type":"page","link":"https:\/\/fewohausmonika.de\/?page_id=595&lang=en","title":{"rendered":"Excursions < 25km"},"content":{"rendered":"\n<div class=\"wp-block-media-text alignwide has-media-on-the-right is-stacked-on-mobile\"><figure class=\"wp-block-media-text__media\"><img loading=\"lazy\" decoding=\"async\" width=\"600\" height=\"418\" src=\"http:\/\/wp5.fewohausmonika.de\/wp-content\/uploads\/Ausflugsziele\/Klausenhof.jpg\" alt=\"\" class=\"wp-image-456\" srcset=\"https:\/\/fewohausmonika.de\/wp-content\/uploads\/Ausflugsziele\/Klausenhof.jpg 600w, https:\/\/fewohausmonika.de\/wp-content\/uploads\/Ausflugsziele\/Klausenhof-300x209.jpg 300w\" sizes=\"auto, (max-width: 600px) 100vw, 600px\" \/><\/figure><div class=\"wp-block-media-text__content\">\n<h1 class=\"wp-block-heading\">Hotzenhaus Klausenhof<\/h1>\n\n\n\n<p>2 km, \u00e4ltestes Bauernhaus im Schwarzwald, hier sehen Sie wie man vor etwa 400 Jahren gelebt hat.&nbsp; Gegen\u00fcber dieses Museums k\u00f6nnen Sie die faszinierende Arbeit des Glasmachers von der fl\u00fcssigen Glasmasse bis zum Fertigprodukt verfolgen.<\/p>\n<\/div><\/div>\n\n\n\n<div class=\"wp-block-group alignwide\"><div class=\"wp-block-group__inner-container is-layout-flow wp-block-group-is-layout-flow\">\n<div class=\"wp-block-media-text alignwide is-stacked-on-mobile\"><figure class=\"wp-block-media-text__media\"><img loading=\"lazy\" decoding=\"async\" width=\"768\" height=\"1024\" src=\"http:\/\/wp5.fewohausmonika.de\/wp-content\/uploads\/Ausflugsziele\/Gugelturm_mit_Baenken-768x1024.jpg\" alt=\"\" class=\"wp-image-463\" srcset=\"https:\/\/fewohausmonika.de\/wp-content\/uploads\/Ausflugsziele\/Gugelturm_mit_Baenken-768x1024.jpg 768w, https:\/\/fewohausmonika.de\/wp-content\/uploads\/Ausflugsziele\/Gugelturm_mit_Baenken-225x300.jpg 225w, https:\/\/fewohausmonika.de\/wp-content\/uploads\/Ausflugsziele\/Gugelturm_mit_Baenken-1152x1536.jpg 1152w, https:\/\/fewohausmonika.de\/wp-content\/uploads\/Ausflugsziele\/Gugelturm_mit_Baenken-1536x2048.jpg 1536w, https:\/\/fewohausmonika.de\/wp-content\/uploads\/Ausflugsziele\/Gugelturm_mit_Baenken-scaled.jpg 1920w\" sizes=\"auto, (max-width: 768px) 100vw, 768px\" \/><\/figure><div class=\"wp-block-media-text__content\">\n<h1 class=\"wp-block-heading\">Gugelturm<\/h1>\n\n\n\n<p>4 km, mit sch\u00f6ner Aussicht \u00fcber den ganzen Hotzenwald bis zum Feldberg. Die besondere Baukonstruktion des von englischen Pionieren errichteten Turmes ist schon eine Besichtigung wert. In einer kleinen, vom Schwarzwaldverein betriebenen <a rel=\"noreferrer noopener\" href=\"http:\/\/www.gugelstueble.de\/\" target=\"_blank\">Gaststube<\/a> k\u00f6nnen Wanderer und Besucher hier auch Rasten. <br>Foto: \u00a9 Flominator \/ Wikimedia Commons \/ CC BY-SA 3.0<\/p>\n<\/div><\/div>\n<\/div><\/div>\n\n\n\n<div class=\"wp-block-media-text alignwide has-media-on-the-right is-stacked-on-mobile\"><figure class=\"wp-block-media-text__media\"><img loading=\"lazy\" decoding=\"async\" width=\"1024\" height=\"683\" src=\"https:\/\/fewohausmonika.de\/wp-content\/uploads\/Ausflugsziele\/Hornbergbecken-1024x683.jpg\" alt=\"Hornbergbecken\" class=\"wp-image-800\" srcset=\"https:\/\/fewohausmonika.de\/wp-content\/uploads\/Ausflugsziele\/Hornbergbecken-1024x683.jpg 1024w, https:\/\/fewohausmonika.de\/wp-content\/uploads\/Ausflugsziele\/Hornbergbecken-300x200.jpg 300w, https:\/\/fewohausmonika.de\/wp-content\/uploads\/Ausflugsziele\/Hornbergbecken-768x512.jpg 768w, https:\/\/fewohausmonika.de\/wp-content\/uploads\/Ausflugsziele\/Hornbergbecken-1536x1024.jpg 1536w, https:\/\/fewohausmonika.de\/wp-content\/uploads\/Ausflugsziele\/Hornbergbecken.jpg 1747w\" sizes=\"auto, (max-width: 1024px) 100vw, 1024px\" \/><\/figure><div class=\"wp-block-media-text__content\">\n<h1 class=\"wp-block-heading\">Hornbergbecken<\/h1>\n\n\n\n<p>ca 5 km. Auf dem Weg dorthin kommen Sie in 1050 m. \u00fc. M. am Hornberg-Staubecken vorbei. Dies ist ein Speicherbecken zum Betrieb des Kavernenkraftwerkes in Wehr. Vom n\u00f6rdlichen und s\u00fcdlichen Beckenrand ergibt sich auf Aussichtsplattformen eine einmalige Rundsicht in das Tal und zu den schweizer Alpen.<br>Foto: \u00a9 Schluchseewerk AG<\/p>\n<\/div><\/div>\n\n\n\n<div class=\"wp-block-media-text alignwide is-stacked-on-mobile\"><figure class=\"wp-block-media-text__media\"><img loading=\"lazy\" decoding=\"async\" width=\"640\" height=\"480\" src=\"http:\/\/wp5.fewohausmonika.de\/wp-content\/uploads\/Ausflugsziele\/Murg.jpg\" alt=\"\" class=\"wp-image-453\" srcset=\"https:\/\/fewohausmonika.de\/wp-content\/uploads\/Ausflugsziele\/Murg.jpg 640w, https:\/\/fewohausmonika.de\/wp-content\/uploads\/Ausflugsziele\/Murg-300x225.jpg 300w\" sizes=\"auto, (max-width: 640px) 100vw, 640px\" \/><\/figure><div class=\"wp-block-media-text__content\">\n<h1 class=\"wp-block-heading\">Murgtal(pfad)<\/h1>\n\n\n\n<p>Die Murg, deren Quelle in einem Herrischrieder Ortsteil liegt, flie\u00dft \u00fcber etwa 20km durch die sch\u00f6ne Landschaft zu ihrer M\u00fcndung in den Rhein. Nahezu den gesamten Verlauf&nbsp;des Flusses begleitet ein gut ausgebauter Wanderweg, der <a href=\"http:\/\/www.murgtalpfad.de\/\" target=\"_blank\" rel=\"noreferrer noopener\">Murgtalpfad<\/a>. Auf diesem f\u00fcr Wanderer und Radfahrer herrlichen Weg durchs Murgtal werden auch Fahrten mit der <a href=\"http:\/\/www.murgtal-fahrten.de\/58\/Kutsch-_&amp;_Planwagenfahrten\/historische_Postkusche.html\" target=\"_blank\" rel=\"noreferrer noopener\">historischen Postkutsche<\/a> angeboten.<\/p>\n<\/div><\/div>\n\n\n\n<div class=\"wp-block-media-text alignwide has-media-on-the-right is-stacked-on-mobile\"><figure class=\"wp-block-media-text__media\"><img loading=\"lazy\" decoding=\"async\" width=\"1024\" height=\"768\" src=\"http:\/\/wp5.fewohausmonika.de\/wp-content\/uploads\/Ausflugsziele\/Oedlandkapelle-1024x768.jpg\" alt=\"\" class=\"wp-image-451\" srcset=\"https:\/\/fewohausmonika.de\/wp-content\/uploads\/Ausflugsziele\/Oedlandkapelle-1024x768.jpg 1024w, https:\/\/fewohausmonika.de\/wp-content\/uploads\/Ausflugsziele\/Oedlandkapelle-300x225.jpg 300w, https:\/\/fewohausmonika.de\/wp-content\/uploads\/Ausflugsziele\/Oedlandkapelle-768x576.jpg 768w, https:\/\/fewohausmonika.de\/wp-content\/uploads\/Ausflugsziele\/Oedlandkapelle-1536x1152.jpg 1536w, https:\/\/fewohausmonika.de\/wp-content\/uploads\/Ausflugsziele\/Oedlandkapelle.jpg 1984w\" sizes=\"auto, (max-width: 1024px) 100vw, 1024px\" \/><\/figure><div class=\"wp-block-media-text__content\">\n<h1 class=\"wp-block-heading\">\u00d6dlandkapelle<\/h1>\n\n\n\n<p>Die&nbsp;in einer kreisf\u00f6rmigen Waldlichtung am h\u00f6chsten Ort des Hotzenwalds gelegene \u00d6dlandkapelle ist ein sch\u00f6nes Wanderziel und immer ge\u00f6ffnet f\u00fcr etwas Ruhe und Besinnung.<\/p>\n<\/div><\/div>\n\n\n\n<div class=\"wp-block-media-text alignwide is-stacked-on-mobile\"><figure class=\"wp-block-media-text__media\"><img loading=\"lazy\" decoding=\"async\" width=\"416\" height=\"288\" src=\"http:\/\/wp5.fewohausmonika.de\/wp-content\/uploads\/Ausflugsziele\/Albtal.jpg\" alt=\"\" class=\"wp-image-474\" srcset=\"https:\/\/fewohausmonika.de\/wp-content\/uploads\/Ausflugsziele\/Albtal.jpg 416w, https:\/\/fewohausmonika.de\/wp-content\/uploads\/Ausflugsziele\/Albtal-300x208.jpg 300w\" sizes=\"auto, (max-width: 416px) 100vw, 416px\" \/><\/figure><div class=\"wp-block-media-text__content\">\n<h1 class=\"wp-block-heading\">Das Albtal<\/h1>\n\n\n\n<p>ca 12 km<strong>,<\/strong> zwischen St. Blasien und Albbruck. N\u00e4chste Anfahrt \u00fcber G\u00f6rwihl &#8211; Tiefenstein . Der interessante Teil liegt zwischen Tiefenstein und Albbruck&nbsp; mit 5 Tunnels, Streckenl\u00e4nge ca 6 km. Das gesamte Albtal zwischen St. Blasien und Albbruck kann mit dem Auto durchfahren werden.<\/p>\n<\/div><\/div>\n\n\n\n<div class=\"wp-block-media-text alignwide has-media-on-the-right is-stacked-on-mobile\"><figure class=\"wp-block-media-text__media\"><img loading=\"lazy\" decoding=\"async\" width=\"600\" height=\"800\" src=\"http:\/\/wp5.fewohausmonika.de\/wp-content\/uploads\/Ausflugsziele\/Wehratal_Wehra_und_Strasse.jpg\" alt=\"\" class=\"wp-image-438\" srcset=\"https:\/\/fewohausmonika.de\/wp-content\/uploads\/Ausflugsziele\/Wehratal_Wehra_und_Strasse.jpg 600w, https:\/\/fewohausmonika.de\/wp-content\/uploads\/Ausflugsziele\/Wehratal_Wehra_und_Strasse-225x300.jpg 225w\" sizes=\"auto, (max-width: 600px) 100vw, 600px\" \/><\/figure><div class=\"wp-block-media-text__content\">\n<h1 class=\"wp-block-heading\">Das Wehratal<\/h1>\n\n\n\n<p>&#8230; zieht sich von Wehr hinauf bis Todtmoos. Anfahrt von hier nach Wehr ca 17 km und von hier nach Todtmoos ca 12 km. Kurz nach Wehr in Richtung Todtmoos befindet sich das Wehratal &#8211; Staubecken f\u00fcr das Kavernenkraftwerk. Seitlich der Wehra kann das Tal auch zu Fu\u00df von Todtmoos &#8211; Au bis Wehr oder umgekehrt durchwandert werden, z.B. auf dem <a rel=\"noreferrer noopener\" href=\"http:\/\/www.todtmoos.de\/de\/wandern\/wehratal-erlebnispfad.pdf\" target=\"_blank\">Erlebnispfad<\/a>.<br>Foto: \u00a9 G. Boll Waldshut \/ CC BY-SA 3.0<\/p>\n<\/div><\/div>\n\n\n\n<div class=\"wp-block-media-text alignwide is-stacked-on-mobile\"><figure class=\"wp-block-media-text__media\"><img loading=\"lazy\" decoding=\"async\" width=\"1024\" height=\"512\" src=\"http:\/\/wp5.fewohausmonika.de\/wp-content\/uploads\/Ausflugsziele\/Holzbrueke_und_Muenster-1024x512.jpg\" alt=\"\" class=\"wp-image-458\" srcset=\"https:\/\/fewohausmonika.de\/wp-content\/uploads\/Ausflugsziele\/Holzbrueke_und_Muenster-1024x512.jpg 1024w, https:\/\/fewohausmonika.de\/wp-content\/uploads\/Ausflugsziele\/Holzbrueke_und_Muenster-300x150.jpg 300w, https:\/\/fewohausmonika.de\/wp-content\/uploads\/Ausflugsziele\/Holzbrueke_und_Muenster-768x384.jpg 768w, https:\/\/fewohausmonika.de\/wp-content\/uploads\/Ausflugsziele\/Holzbrueke_und_Muenster-1536x768.jpg 1536w, https:\/\/fewohausmonika.de\/wp-content\/uploads\/Ausflugsziele\/Holzbrueke_und_Muenster.jpg 1600w\" sizes=\"auto, (max-width: 1024px) 100vw, 1024px\" \/><\/figure><div class=\"wp-block-media-text__content\">\n<h1 class=\"wp-block-heading\">Bad S\u00e4ckingen<\/h1>\n\n\n\n<p>18 km. Historische Altstadt mit der \u00fcber 400 Jahre alten, gedeckten <a rel=\"noreferrer noopener\" href=\"http:\/\/de.wikipedia.org\/wiki\/Holzbr%C3%BCcke_Bad_S%C3%A4ckingen\" target=\"_blank\">Holzbr\u00fccke<\/a> \u00fcber den Rhein zur Schweiz. Neuzeitliches Kurzentrum, Trompetenmuseum und viele andere Sehensw\u00fcrdigkeiten wie das Fridolinsm\u00fcnster.<br>Foto: \u00a9 Pierre Likissas \/ CC BY 3.0<\/p>\n<\/div><\/div>\n\n\n\n<div class=\"wp-block-media-text alignwide has-media-on-the-right is-stacked-on-mobile\"><figure class=\"wp-block-media-text__media\"><img loading=\"lazy\" decoding=\"async\" width=\"647\" height=\"254\" src=\"http:\/\/wp5.fewohausmonika.de\/wp-content\/uploads\/Ausflugsziele\/Wildgehege.jpg\" alt=\"\" class=\"wp-image-437\" srcset=\"https:\/\/fewohausmonika.de\/wp-content\/uploads\/Ausflugsziele\/Wildgehege.jpg 647w, https:\/\/fewohausmonika.de\/wp-content\/uploads\/Ausflugsziele\/Wildgehege-300x118.jpg 300w\" sizes=\"auto, (max-width: 647px) 100vw, 647px\" \/><\/figure><div class=\"wp-block-media-text__content\">\n<h1 class=\"wp-block-heading\">Bergsee mit Wildgehege<\/h1>\n\n\n\n<p>19km. Der von Wald umgebene <a rel=\"noreferrer noopener\" href=\"http:\/\/www.linke-frank.de\/files\/WT_Bergsee.pdf\" target=\"_blank\">Natursee<\/a> bei Bad S\u00e4ckingen kann in ca. 15min umwandert werden. Direkt am See liegt ein Restaurant (im Sommer mit Tretbootverleih) und ganz in der N\u00e4he ein Wildgehege.<br>Foto: \u00a9 J. Schiebe\/Tourismus GmbH Bad S\u00e4ckingen<\/p>\n<\/div><\/div>\n\n\n\n<div class=\"wp-block-media-text alignwide is-stacked-on-mobile\"><figure class=\"wp-block-media-text__media\"><img loading=\"lazy\" decoding=\"async\" width=\"1024\" height=\"576\" src=\"https:\/\/fewohausmonika.de\/wp-content\/uploads\/2020\/06\/WildKids.jpg\" alt=\"\" class=\"wp-image-949\" srcset=\"https:\/\/fewohausmonika.de\/wp-content\/uploads\/2020\/06\/WildKids.jpg 1024w, https:\/\/fewohausmonika.de\/wp-content\/uploads\/2020\/06\/WildKids-300x169.jpg 300w, https:\/\/fewohausmonika.de\/wp-content\/uploads\/2020\/06\/WildKids-768x432.jpg 768w\" sizes=\"auto, (max-width: 1024px) 100vw, 1024px\" \/><\/figure><div class=\"wp-block-media-text__content\">\n<h1 class=\"wp-block-heading\">Kinderfreizeitwelt<\/h1>\n\n\n\n<p>22km. Wetterunabh\u00e4ngiges <a rel=\"noreferrer noopener\" href=\"http:\/\/www.wildkids-hochrhein.de\/\" target=\"_blank\">Familienausfugsziel<\/a> mit zahlreichen Attraktionen f\u00fcr Kinder.<br>Foto: \u00a9 Renate Ebner<\/p>\n<\/div><\/div>\n\n\n\n<div class=\"wp-block-media-text alignwide has-media-on-the-right is-stacked-on-mobile\"><figure class=\"wp-block-media-text__media\"><img loading=\"lazy\" decoding=\"async\" width=\"1024\" height=\"854\" src=\"http:\/\/wp5.fewohausmonika.de\/wp-content\/uploads\/Ausflugsziele\/Aqualon_Collage-1024x854.jpg\" alt=\"\" class=\"wp-image-473\" srcset=\"https:\/\/fewohausmonika.de\/wp-content\/uploads\/Ausflugsziele\/Aqualon_Collage-1024x854.jpg 1024w, https:\/\/fewohausmonika.de\/wp-content\/uploads\/Ausflugsziele\/Aqualon_Collage-300x250.jpg 300w, https:\/\/fewohausmonika.de\/wp-content\/uploads\/Ausflugsziele\/Aqualon_Collage-768x640.jpg 768w, https:\/\/fewohausmonika.de\/wp-content\/uploads\/Ausflugsziele\/Aqualon_Collage-1536x1280.jpg 1536w, https:\/\/fewohausmonika.de\/wp-content\/uploads\/Ausflugsziele\/Aqualon_Collage.jpg 2000w\" sizes=\"auto, (max-width: 1024px) 100vw, 1024px\" \/><\/figure><div class=\"wp-block-media-text__content\">\n<h1 class=\"wp-block-heading\">Heilbad Aqualon<\/h1>\n\n\n\n<p>18km. Thermen, Wellness und Therapien bietet das Bad S\u00e4ckinger Aqualon mit drei Bewegungsb\u00e4dern, einem Au\u00dfenbecken und&nbsp;verbundenen Angeboten.<br>Foto: \u00a9 Aqualon Therme<\/p>\n<\/div><\/div>\n\n\n\n<div class=\"wp-block-media-text alignwide is-stacked-on-mobile\"><figure class=\"wp-block-media-text__media\"><img loading=\"lazy\" decoding=\"async\" width=\"1000\" height=\"809\" src=\"http:\/\/wp5.fewohausmonika.de\/wp-content\/uploads\/Ausflugsziele\/Golfplatz.jpg\" alt=\"\" class=\"wp-image-464\" srcset=\"https:\/\/fewohausmonika.de\/wp-content\/uploads\/Ausflugsziele\/Golfplatz.jpg 1000w, https:\/\/fewohausmonika.de\/wp-content\/uploads\/Ausflugsziele\/Golfplatz-300x243.jpg 300w, https:\/\/fewohausmonika.de\/wp-content\/uploads\/Ausflugsziele\/Golfplatz-768x621.jpg 768w\" sizes=\"auto, (max-width: 1000px) 100vw, 1000px\" \/><\/figure><div class=\"wp-block-media-text__content\">\n<h1 class=\"wp-block-heading\">Golfplatz Rickenbach<\/h1>\n\n\n\n<p>8 km, abwechslungsreiche&nbsp;18-Loch <a rel=\"noreferrer noopener\" href=\"http:\/\/www.golfclub-rickenbach.de\/\" target=\"_blank\">Golfanlage<\/a>&nbsp;auf einer \u00fcber 80 Hektar gro\u00dfen Anlage, eingebettet in die reizvolle Landschaft.<br>Foto: \u00a9 Hintergrundaufnahme mit freundlicher Unterst\u00fctzung des Landesvermessungsamtes BW<\/p>\n<\/div><\/div>\n\n\n\n<div class=\"wp-block-media-text alignwide has-media-on-the-right is-stacked-on-mobile\"><figure class=\"wp-block-media-text__media\"><img loading=\"lazy\" decoding=\"async\" width=\"600\" height=\"400\" src=\"http:\/\/wp5.fewohausmonika.de\/wp-content\/uploads\/Ausflugsziele\/Burgruinewieladingen.jpg\" alt=\"\" class=\"wp-image-469\" srcset=\"https:\/\/fewohausmonika.de\/wp-content\/uploads\/Ausflugsziele\/Burgruinewieladingen.jpg 600w, https:\/\/fewohausmonika.de\/wp-content\/uploads\/Ausflugsziele\/Burgruinewieladingen-300x200.jpg 300w\" sizes=\"auto, (max-width: 600px) 100vw, 600px\" \/><\/figure><div class=\"wp-block-media-text__content\">\n<h1 class=\"wp-block-heading\">Burgruine Wieladingen<\/h1>\n\n\n\n<p>ca 15 km, Rickenbach, Ortsteil Wieladingen, in den letzen 10 Jahren neu restauriert, auch der Turm mit etwa 20 m H\u00f6he durch neue Treppe begehbar. <a rel=\"noreferrer noopener\" href=\"http:\/\/www.burgruine-wieladingen.de\" target=\"_blank\">Die Ruine<\/a> ist auch aus dem Murgtal zu Fu\u00df erreichbar.<br>Foto: \u00a9 TomQ von der deutschsprachigen Wikipedia \/ CC BY-SA 3.0<\/p>\n<\/div><\/div>\n\n\n\n<div class=\"wp-block-media-text alignwide is-stacked-on-mobile\"><figure class=\"wp-block-media-text__media\"><img loading=\"lazy\" decoding=\"async\" width=\"1024\" height=\"768\" src=\"http:\/\/wp5.fewohausmonika.de\/wp-content\/uploads\/Ausflugsziele\/Hasler_Hoehle-1024x768.jpg\" alt=\"\" class=\"wp-image-462\" srcset=\"https:\/\/fewohausmonika.de\/wp-content\/uploads\/Ausflugsziele\/Hasler_Hoehle-1024x768.jpg 1024w, https:\/\/fewohausmonika.de\/wp-content\/uploads\/Ausflugsziele\/Hasler_Hoehle-300x225.jpg 300w, https:\/\/fewohausmonika.de\/wp-content\/uploads\/Ausflugsziele\/Hasler_Hoehle-768x576.jpg 768w, https:\/\/fewohausmonika.de\/wp-content\/uploads\/Ausflugsziele\/Hasler_Hoehle-1536x1152.jpg 1536w, https:\/\/fewohausmonika.de\/wp-content\/uploads\/Ausflugsziele\/Hasler_Hoehle-2048x1536.jpg 2048w\" sizes=\"auto, (max-width: 1024px) 100vw, 1024px\" \/><\/figure><div class=\"wp-block-media-text__content\">\n<h1 class=\"wp-block-heading\">Erdmannsh\u00f6hle Hasel<\/h1>\n\n\n\n<p>ca.&nbsp; 24 km. Das Naturwunder&nbsp; ,, Die <a rel=\"noreferrer noopener\" href=\"http:\/\/de.wikipedia.org\/wiki\/Erdmannsh\u00f6hle\" target=\"_blank\">Erdmannsh\u00f6hle<\/a> &#8220; in Hasel ist ein starker Anziehungspunkt f\u00fcr Menschen aller Altersklassen. Die zauberhafte M\u00e4rchenwelt der Tropfsteingebilde fasziniert jeden Besucher.<br>Foto: \u00a9 Gryffindor \/ Wikimedia Commons \/ CC BY-SA 3.0<\/p>\n<\/div><\/div>\n\n\n\n<div class=\"wp-block-media-text alignwide has-media-on-the-right is-stacked-on-mobile\"><figure class=\"wp-block-media-text__media\"><img loading=\"lazy\" decoding=\"async\" width=\"640\" height=\"480\" src=\"http:\/\/wp5.fewohausmonika.de\/wp-content\/uploads\/Ausflugsziele\/Dom_zu_St._Blasien.jpg\" alt=\"\" class=\"wp-image-468\" srcset=\"https:\/\/fewohausmonika.de\/wp-content\/uploads\/Ausflugsziele\/Dom_zu_St._Blasien.jpg 640w, https:\/\/fewohausmonika.de\/wp-content\/uploads\/Ausflugsziele\/Dom_zu_St._Blasien-300x225.jpg 300w\" sizes=\"auto, (max-width: 640px) 100vw, 640px\" \/><\/figure><div class=\"wp-block-media-text__content\">\n<h1 class=\"wp-block-heading\">Dom St. Blasien<\/h1>\n\n\n\n<p>ca 22 km, altes Kloster mit <a rel=\"noreferrer noopener\" href=\"http:\/\/www.dom-st-blasien.de\" target=\"_blank\">gro\u00dfer Kuppelkirche<\/a>.<br>Foto: \u00a9 EBB \/ Wikimedia Commons \/ CC BY-SA 3.0<\/p>\n<\/div><\/div>\n\n\n\n<div class=\"wp-block-media-text alignwide is-stacked-on-mobile\"><figure class=\"wp-block-media-text__media\"><img loading=\"lazy\" decoding=\"async\" width=\"925\" height=\"565\" src=\"http:\/\/wp5.fewohausmonika.de\/wp-content\/uploads\/Ausflugsziele\/Hoellbachwasserfall.jpg\" alt=\"\" class=\"wp-image-459\" srcset=\"https:\/\/fewohausmonika.de\/wp-content\/uploads\/Ausflugsziele\/Hoellbachwasserfall.jpg 925w, https:\/\/fewohausmonika.de\/wp-content\/uploads\/Ausflugsziele\/Hoellbachwasserfall-300x183.jpg 300w, https:\/\/fewohausmonika.de\/wp-content\/uploads\/Ausflugsziele\/Hoellbachwasserfall-768x469.jpg 768w\" sizes=\"auto, (max-width: 925px) 100vw, 925px\" \/><\/figure><div class=\"wp-block-media-text__content\">\n<h1 class=\"wp-block-heading\">H\u00f6llenbachwasserf\u00e4lle<\/h1>\n\n\n\n<p>ca 8 km, auf steilen Abh\u00e4ngen bildet der H\u00f6llbach als Wildbach mehrere Wasserf\u00e4lle &#8211; der gr\u00f6\u00dfte davon ist 8,5 m hoch. Ab G\u00f6rwihl zu Fu\u00df (ca 2 km) zu den sehr interessanten H\u00f6llbachwasserf\u00e4llen mit neuer Holzbr\u00fccke (nur f\u00fcr Fu\u00dfg\u00e4nger) \u00fcber die Alb zur Verbindungsstra\u00dfe von Albbruck nach St. Blasien.<\/p>\n<\/div><\/div>\n\n\n\n<div class=\"wp-block-media-text alignwide has-media-on-the-right is-stacked-on-mobile\"><figure class=\"wp-block-media-text__media\"><\/figure><div class=\"wp-block-media-text__content\">\n<h1 class=\"wp-block-heading\">Segelflugplatz H\u00fctten<\/h1>\n\n\n\n<p>12 km, gro\u00dfer <a href=\"http:\/\/www.lg-hotzenwald.de\/\" target=\"_blank\" rel=\"noreferrer noopener\">Motorsport &#8211; und Segelflugplatz<\/a>.<\/p>\n<\/div><\/div>\n\n\n\n<div class=\"wp-block-media-text alignwide is-stacked-on-mobile\"><figure class=\"wp-block-media-text__media\"><img loading=\"lazy\" decoding=\"async\" width=\"900\" height=\"600\" src=\"http:\/\/wp5.fewohausmonika.de\/wp-content\/uploads\/Ausflugsziele\/Krai_Woog_Gumpen.jpg\" alt=\"\" class=\"wp-image-455\" srcset=\"https:\/\/fewohausmonika.de\/wp-content\/uploads\/Ausflugsziele\/Krai_Woog_Gumpen.jpg 900w, https:\/\/fewohausmonika.de\/wp-content\/uploads\/Ausflugsziele\/Krai_Woog_Gumpen-300x200.jpg 300w, https:\/\/fewohausmonika.de\/wp-content\/uploads\/Ausflugsziele\/Krai_Woog_Gumpen-768x512.jpg 768w\" sizes=\"auto, (max-width: 900px) 100vw, 900px\" \/><\/figure><div class=\"wp-block-media-text__content\">\n<h1 class=\"wp-block-heading\">Gletscherm\u00fchle<\/h1>\n\n\n\n<p>ca 12 km&nbsp; in der N\u00e4he vom Ort Ibach, mit dem Auto erreichbar liegt die gr\u00f6\u00dfte Gletscherm\u00fchle des Schwarzwalds. (Gletscherm\u00fchlen sind in der Eiszeit von tief abflie\u00dfendem Wasser ausgebildete, wirbelf\u00f6rmige Becken im Gestein.) Von dort flie\u00dft das Wasser heute \u00fcber den&nbsp; Krai-Woog-Gumpen, einem kleinen Wasserfall, in einen See.<\/p>\n<\/div><\/div>\n\n\n\n<p><\/p>\n","protected":false},"excerpt":{"rendered":"<p>Hotzenhaus Klausenhof 2 km, \u00e4ltestes Bauernhaus im Schwarzwald, hier sehen Sie wie man vor etwa 400 Jahren gelebt hat.&nbsp; Gegen\u00fcber dieses Museums k\u00f6nnen Sie die faszinierende Arbeit des Glasmachers von der fl\u00fcssigen Glasmasse bis zum Fertigprodukt verfolgen. Gugelturm 4 km, mit sch\u00f6ner Aussicht \u00fcber den ganzen Hotzenwald bis zum Feldberg. Die besondere Baukonstruktion des von [&hellip;]<\/p>\n","protected":false},"author":1,"featured_media":0,"parent":572,"menu_order":0,"comment_status":"closed","ping_status":"closed","template":"","meta":{"footnotes":""},"class_list":["post-595","page","type-page","status-publish","hentry"],"_links":{"self":[{"href":"https:\/\/fewohausmonika.de\/index.php?rest_route=\/wp\/v2\/pages\/595","targetHints":{"allow":["GET"]}}],"collection":[{"href":"https:\/\/fewohausmonika.de\/index.php?rest_route=\/wp\/v2\/pages"}],"about":[{"href":"https:\/\/fewohausmonika.de\/index.php?rest_route=\/wp\/v2\/types\/page"}],"author":[{"embeddable":true,"href":"https:\/\/fewohausmonika.de\/index.php?rest_route=\/wp\/v2\/users\/1"}],"replies":[{"embeddable":true,"href":"https:\/\/fewohausmonika.de\/index.php?rest_route=%2Fwp%2Fv2%2Fcomments&post=595"}],"version-history":[{"count":5,"href":"https:\/\/fewohausmonika.de\/index.php?rest_route=\/wp\/v2\/pages\/595\/revisions"}],"predecessor-version":[{"id":950,"href":"https:\/\/fewohausmonika.de\/index.php?rest_route=\/wp\/v2\/pages\/595\/revisions\/950"}],"up":[{"embeddable":true,"href":"https:\/\/fewohausmonika.de\/index.php?rest_route=\/wp\/v2\/pages\/572"}],"wp:attachment":[{"href":"https:\/\/fewohausmonika.de\/index.php?rest_route=%2Fwp%2Fv2%2Fmedia&parent=595"}],"curies":[{"name":"wp","href":"https:\/\/api.w.org\/{rel}","templated":true}]}}