{"id":58,"date":"2020-05-05T19:28:03","date_gmt":"2020-05-05T19:28:03","guid":{"rendered":"http:\/\/wp5.fewohausmonika.de\/?page_id=58"},"modified":"2025-12-20T15:37:04","modified_gmt":"2025-12-20T14:37:04","slug":"startseite","status":"publish","type":"page","link":"https:\/\/fewohausmonika.de\/","title":{"rendered":"Startseite"},"content":{"rendered":"\n<figure class=\"wp-block-image size-large\"><img loading=\"lazy\" decoding=\"async\" width=\"1024\" height=\"683\" src=\"https:\/\/fewohausmonika.de\/wp-content\/uploads\/Seitenbilder\/S\u00fcdbalkone-mit-Nummern-1024x683.jpg\" alt=\"S\u00fcdseite Haus Monika\" class=\"wp-image-769\" srcset=\"https:\/\/fewohausmonika.de\/wp-content\/uploads\/Seitenbilder\/S\u00fcdbalkone-mit-Nummern-1024x683.jpg 1024w, https:\/\/fewohausmonika.de\/wp-content\/uploads\/Seitenbilder\/S\u00fcdbalkone-mit-Nummern-300x200.jpg 300w, https:\/\/fewohausmonika.de\/wp-content\/uploads\/Seitenbilder\/S\u00fcdbalkone-mit-Nummern-768x512.jpg 768w, https:\/\/fewohausmonika.de\/wp-content\/uploads\/Seitenbilder\/S\u00fcdbalkone-mit-Nummern-1536x1024.jpg 1536w, https:\/\/fewohausmonika.de\/wp-content\/uploads\/Seitenbilder\/S\u00fcdbalkone-mit-Nummern-2048x1365.jpg 2048w\" sizes=\"auto, (max-width: 1024px) 100vw, 1024px\" \/><figcaption class=\"wp-element-caption\">S\u00fcdseite Haus Monika<\/figcaption><\/figure>\n\n\n\n<h2 class=\"wp-block-heading\">Ein kurzer \u00dcberblick:<\/h2>\n\n\n\n<ul class=\"wp-block-list\">\n<li>famili\u00e4r gef\u00fchrtes Haus mit komfortabel eingerichteten 1 &#8211; 3 Zimmer Ferienwohnungen f\u00fcr 2 &#8211; 5 Personen<\/li>\n\n\n\n<li>von den S\u00fcdbalkonen eine hervorragende Aussicht zum Entspannen und Genie\u00dfen ( bei Fernsicht bis zur Schweizer Alpenkette )<\/li>\n\n\n\n<li>zentrale und doch ruhige Lage mit diversen Einkaufsm\u00f6glichkeiten und empfehlenswerten Gastst\u00e4tten ( 200m )<\/li>\n\n\n\n<li>Nichtraucherhaus ( Rauchen bitte nur auf dem Balkon )<\/li>\n\n\n\n<li>grunds\u00e4tzlich ohne Haustiere ( ideal f\u00fcr Allergiker )<\/li>\n\n\n\n<li>in jeder Wohnung WLAN, digital-TV, DVD, CD\/Radio-Anlage (alles gratis) und Telefon<\/li>\n\n\n\n<li>Wasch &#8211; und Trockenautomat<\/li>\n\n\n\n<li>Zus\u00e4tzlich gro\u00dfer K\u00fchlschrank und gro\u00dfer Gefrierschrank f\u00fcr alle<\/li>\n\n\n\n<li>Staubsauger, B\u00fcgeleisen mit B\u00fcgeltisch vorhanden<\/li>\n\n\n\n<li>Spielraum mit Tischtennis, Tischfu\u00dfballer und Dart ( gratis )<\/li>\n\n\n\n<li>Parkpl\u00e4tze direkt und ebenerdig vor dem Haus<\/li>\n\n\n\n<li>Garagen mietbar<\/li>\n\n\n\n<li>Spielwiese mit Schaukel und Sandkasten<\/li>\n\n\n\n<li>verschiedene Spiele &amp; B\u00fccher f\u00fcr Gro\u00df und Klein<\/li>\n\n\n\n<li>Kinderbetten, Hochstuhl und Wickelunterlage<\/li>\n\n\n\n<li>Gem\u00fcse und Salat aus unserem Garten<\/li>\n\n\n\n<li>kostenloser Abhol- und Bringservice vom Bahnhof Bad S\u00e4ckingen<\/li>\n\n\n\n<li>Einkaufservice vor Anreise<\/li>\n\n\n\n<li>f\u00fcr Fragen und W\u00fcnsche sind wir gerne f\u00fcr Sie da, denn wir wohnen direkt nebenan<\/li>\n<\/ul>\n\n\n\n<h2 class=\"wp-block-heading\">Kontakt<\/h2>\n\n\n\n<p>Werner und Monika Kocum<br>Telefon <a href=\"tel:+4915127141483\">+49 (0) 151 \/ 27 14 14 83<\/a><br><a href=\"mailto:mail@fewohausmonika.de\">mail@fewohausmonika.de<\/a><\/p>\n\n\n\n<p><\/p>\n","protected":false},"excerpt":{"rendered":"<p>Ein kurzer \u00dcberblick: Kontakt Werner und Monika KocumTelefon +49 (0) 151 \/ 27 14 14 83mail@fewohausmonika.de<\/p>\n","protected":false},"author":1,"featured_media":0,"parent":0,"menu_order":0,"comment_status":"closed","ping_status":"closed","template":"","meta":{"footnotes":""},"class_list":["post-58","page","type-page","status-publish","hentry"],"_links":{"self":[{"href":"https:\/\/fewohausmonika.de\/index.php?rest_route=\/wp\/v2\/pages\/58","targetHints":{"allow":["GET"]}}],"collection":[{"href":"https:\/\/fewohausmonika.de\/index.php?rest_route=\/wp\/v2\/pages"}],"about":[{"href":"https:\/\/fewohausmonika.de\/index.php?rest_route=\/wp\/v2\/types\/page"}],"author":[{"embeddable":true,"href":"https:\/\/fewohausmonika.de\/index.php?rest_route=\/wp\/v2\/users\/1"}],"replies":[{"embeddable":true,"href":"https:\/\/fewohausmonika.de\/index.php?rest_route=%2Fwp%2Fv2%2Fcomments&post=58"}],"version-history":[{"count":18,"href":"https:\/\/fewohausmonika.de\/index.php?rest_route=\/wp\/v2\/pages\/58\/revisions"}],"predecessor-version":[{"id":1050,"href":"https:\/\/fewohausmonika.de\/index.php?rest_route=\/wp\/v2\/pages\/58\/revisions\/1050"}],"wp:attachment":[{"href":"https:\/\/fewohausmonika.de\/index.php?rest_route=%2Fwp%2Fv2%2Fmedia&parent=58"}],"curies":[{"name":"wp","href":"https:\/\/api.w.org\/{rel}","templated":true}]}}