{"id":13,"date":"2020-05-05T19:02:25","date_gmt":"2020-05-05T19:02:25","guid":{"rendered":"http:\/\/wp5.fewohausmonika.de\/?page_id=13"},"modified":"2020-05-11T21:06:46","modified_gmt":"2020-05-11T19:06:46","slug":"anfahrt","status":"publish","type":"page","link":"https:\/\/fewohausmonika.de\/?page_id=13","title":{"rendered":"Anfahrt"},"content":{"rendered":"\n<iframe loading=\"lazy\" src=\"https:\/\/www.google.com\/maps\/embed?pb=!1m18!1m12!1m3!1d2525.993423766607!2d7.9941513155103765!3d47.66636997918875!2m3!1f0!2f0!3f0!3m2!1i1024!2i768!4f13.1!3m3!1m2!1s0x4790504b3115595b%3A0x51a90be4dfd16fd2!2sSchachenb%C3%BChlstra%C3%9Fe%2027A%2C%2079737%20Herrischried!5e1!3m2!1sde!2sde!4v1589221888483!5m2!1sde!2sde\" style=\"border:0;\" allowfullscreen=\"\" aria-hidden=\"false\" tabindex=\"0\" width=\"600\" height=\"450\" frameborder=\"0\"><\/iframe>\n\n\n\n<h2 class=\"wp-block-heading\">Mit dem Auto<\/h2>\n\n\n\n<h3 class=\"wp-block-heading\">Aus Richtung Norden und Westen:<\/h3>\n\n\n\n<p>Fahren Sie auf der <strong>A5<\/strong> Richtung Basel bis zum Autobahndreieck Weil am Rhein(68). Dort auf die A98 wechseln und die Autobahn an der&nbsp;Ausfahrt L\u00f6rrach-Mitte(5) verlassen. Fahren Sie nun links \u00fcber Schopfheim nach Wehr. Die Stra\u00dfe bei Wehr-Mitte verlassen und Richtung&nbsp;Rickenbach fahren, bis Sie der Beschilderung nach Herrischried folgen k\u00f6nnen. Kurz nach dem Ortseingang an der rundlichen Kreuzung nach links oben abbiegen und der Schachenb\u00fchlstra\u00dfe bis zum Haus Monika folgen.<\/p>\n\n\n\n<h3 class=\"wp-block-heading\">Aus Richtung Osten(Bayern):<\/h3>\n\n\n\n<p>Fahren Sie auf der <strong>A81<\/strong> Richtung Singen bis zum Autobahndreieck Bad D\u00fcrrheim(37). Dort auf die A864 wechseln und an deren Ende auf der B27 Richtung Donaueschingen weiterfahren. Nach ca. 9km auf die B31 Richtung Freiburg fahren und kurz darauf diese Richtung Bonndorf wieder verlassen. Weiter nach Bonndorf, Schluchsee, H\u00e4usern, Sankt Blasien und von dort aus Richtung Todtmoos fahren. Die Stra\u00dfe Richtung Lindau verlassen und ihr bis Herrischried folgen. Im Ortteil Gro\u00dfherrischwand nochmals der Beschilderung Richtung Herrischried folgen und danach bei der dritten M\u00f6glichkeit nach dem Ortseingang zweimal rechts abbiegen und der Schachenb\u00fchlstra\u00dfe bis zum Haus Monika folgen.<\/p>\n\n\n\n<h3 class=\"wp-block-heading\">Aus Richtung S\u00fcden(Schweiz):<\/h3>\n\n\n\n<p>Fahren Sie auf der <strong>A3<\/strong>(Basel-Z\u00fcrich) bis zur Abfahrt Eiken(16). Danach Richtung Stein und \u00fcber die Grenze nach Bad S\u00e4ckingen. Auf der B34 ein kurzes St\u00fcck Richtung Waldshut fahren und dann Richtung Todtmoos, bis Sie der Beschilderung nach Herrischried folgen k\u00f6nnen. Kurz nach dem Ortseingang an der rundlichen Kreuzung nach links oben abbiegen und der Schachenb\u00fchlstra\u00dfe bis zum Haus Monika folgen.<\/p>\n\n\n\n<h2 class=\"wp-block-heading\">Mit der Eisenbahn<\/h2>\n\n\n\n<p>Fahren Sie mit dem Zug bis zum Bahnhof Bad S\u00e4ckingen(D) oder Stein-S\u00e4ckingen(CH). Dort holen wir Sie gerne ab. <a rel=\"noreferrer noopener\" href=\"http:\/\/www.bahn.de\" target=\"_blank\">Link<\/a><\/p>\n\n\n\n<h2 class=\"wp-block-heading\">Mit dem Flugzeug<\/h2>\n\n\n\n<h4 class=\"wp-block-heading\"><a href=\"http:\/\/www.euroairport.com\">Euroairport Basel\/Mulhouse:<\/a><\/h4>\n\n\n\n<p>Von dort per Zug weiter \u00fcber Basel SBB und Basel Badischer Bahnhof nach Bad S\u00e4ckingen (ca. 1:10h).<\/p>\n\n\n\n<h4 class=\"wp-block-heading\"><a href=\"http:\/\/www.flughafen-zuerich.ch\">Flughafen Z\u00fcrich(Kloten):<\/a><\/h4>\n\n\n\n<p>Von dort per Zug weiter \u00fcber Basel SBB und Basel Badischer Bahnhof nach Bad S\u00e4ckingen (ca. 2:00h).<\/p>\n","protected":false},"excerpt":{"rendered":"<p>Mit dem Auto Aus Richtung Norden und Westen: Fahren Sie auf der A5 Richtung Basel bis zum Autobahndreieck Weil am Rhein(68). Dort auf die A98 wechseln und die Autobahn an der&nbsp;Ausfahrt L\u00f6rrach-Mitte(5) verlassen. Fahren Sie nun links \u00fcber Schopfheim nach Wehr. Die Stra\u00dfe bei Wehr-Mitte verlassen und Richtung&nbsp;Rickenbach fahren, bis Sie der Beschilderung nach Herrischried [&hellip;]<\/p>\n","protected":false},"author":1,"featured_media":0,"parent":0,"menu_order":0,"comment_status":"closed","ping_status":"closed","template":"","meta":{"footnotes":""},"class_list":["post-13","page","type-page","status-publish","hentry"],"_links":{"self":[{"href":"https:\/\/fewohausmonika.de\/index.php?rest_route=\/wp\/v2\/pages\/13","targetHints":{"allow":["GET"]}}],"collection":[{"href":"https:\/\/fewohausmonika.de\/index.php?rest_route=\/wp\/v2\/pages"}],"about":[{"href":"https:\/\/fewohausmonika.de\/index.php?rest_route=\/wp\/v2\/types\/page"}],"author":[{"embeddable":true,"href":"https:\/\/fewohausmonika.de\/index.php?rest_route=\/wp\/v2\/users\/1"}],"replies":[{"embeddable":true,"href":"https:\/\/fewohausmonika.de\/index.php?rest_route=%2Fwp%2Fv2%2Fcomments&post=13"}],"version-history":[{"count":9,"href":"https:\/\/fewohausmonika.de\/index.php?rest_route=\/wp\/v2\/pages\/13\/revisions"}],"predecessor-version":[{"id":731,"href":"https:\/\/fewohausmonika.de\/index.php?rest_route=\/wp\/v2\/pages\/13\/revisions\/731"}],"wp:attachment":[{"href":"https:\/\/fewohausmonika.de\/index.php?rest_route=%2Fwp%2Fv2%2Fmedia&parent=13"}],"curies":[{"name":"wp","href":"https:\/\/api.w.org\/{rel}","templated":true}]}}